{"id":2337,"date":"2023-01-26T07:24:13","date_gmt":"2023-01-26T10:24:13","guid":{"rendered":"https:\/\/lak.gl\/?page_id=2337"},"modified":"2024-11-01T07:59:52","modified_gmt":"2024-11-01T10:59:52","slug":"retningslinjer-ved-ama","status":"publish","type":"page","link":"http:\/\/lak.gl\/da\/retningslinjer-ved-ama\/","title":{"rendered":"Retningslinjer ved AMA\u200b"},"content":{"rendered":"\t\t<div data-elementor-type=\"wp-page\" data-elementor-id=\"2337\" class=\"elementor elementor-2337\" data-elementor-settings=\"{&quot;element_pack_global_tooltip_width&quot;:{&quot;unit&quot;:&quot;px&quot;,&quot;size&quot;:&quot;&quot;,&quot;sizes&quot;:[]},&quot;element_pack_global_tooltip_width_tablet&quot;:{&quot;unit&quot;:&quot;px&quot;,&quot;size&quot;:&quot;&quot;,&quot;sizes&quot;:[]},&quot;element_pack_global_tooltip_width_mobile&quot;:{&quot;unit&quot;:&quot;px&quot;,&quot;size&quot;:&quot;&quot;,&quot;sizes&quot;:[]},&quot;element_pack_global_tooltip_padding&quot;:{&quot;unit&quot;:&quot;px&quot;,&quot;top&quot;:&quot;&quot;,&quot;right&quot;:&quot;&quot;,&quot;bottom&quot;:&quot;&quot;,&quot;left&quot;:&quot;&quot;,&quot;isLinked&quot;:true},&quot;element_pack_global_tooltip_padding_tablet&quot;:{&quot;unit&quot;:&quot;px&quot;,&quot;top&quot;:&quot;&quot;,&quot;right&quot;:&quot;&quot;,&quot;bottom&quot;:&quot;&quot;,&quot;left&quot;:&quot;&quot;,&quot;isLinked&quot;:true},&quot;element_pack_global_tooltip_padding_mobile&quot;:{&quot;unit&quot;:&quot;px&quot;,&quot;top&quot;:&quot;&quot;,&quot;right&quot;:&quot;&quot;,&quot;bottom&quot;:&quot;&quot;,&quot;left&quot;:&quot;&quot;,&quot;isLinked&quot;:true},&quot;element_pack_global_tooltip_border_radius&quot;:{&quot;unit&quot;:&quot;px&quot;,&quot;top&quot;:&quot;&quot;,&quot;right&quot;:&quot;&quot;,&quot;bottom&quot;:&quot;&quot;,&quot;left&quot;:&quot;&quot;,&quot;isLinked&quot;:true},&quot;element_pack_global_tooltip_border_radius_tablet&quot;:{&quot;unit&quot;:&quot;px&quot;,&quot;top&quot;:&quot;&quot;,&quot;right&quot;:&quot;&quot;,&quot;bottom&quot;:&quot;&quot;,&quot;left&quot;:&quot;&quot;,&quot;isLinked&quot;:true},&quot;element_pack_global_tooltip_border_radius_mobile&quot;:{&quot;unit&quot;:&quot;px&quot;,&quot;top&quot;:&quot;&quot;,&quot;right&quot;:&quot;&quot;,&quot;bottom&quot;:&quot;&quot;,&quot;left&quot;:&quot;&quot;,&quot;isLinked&quot;:true}}\" data-elementor-post-type=\"page\">\n\t\t\t\t\t\t<section class=\"elementor-section elementor-top-section elementor-element elementor-element-6a66bddc elementor-section-full_width elementor-section-content-middle elementor-section-height-default elementor-section-height-default\" data-id=\"6a66bddc\" data-element_type=\"section\" data-e-type=\"section\" id=\"about\" data-settings=\"{&quot;background_background&quot;:&quot;classic&quot;}\">\n\t\t\t\t\t\t<div class=\"elementor-container elementor-column-gap-no\">\n\t\t\t\t\t<div class=\"elementor-column elementor-col-100 elementor-top-column elementor-element elementor-element-4d258645\" data-id=\"4d258645\" data-element_type=\"column\" data-e-type=\"column\">\n\t\t\t<div class=\"elementor-widget-wrap\">\n\t\t\t\t\t\t\t<\/div>\n\t\t<\/div>\n\t\t\t\t\t<\/div>\n\t\t<\/section>\n\t\t\t\t<section class=\"elementor-section elementor-top-section elementor-element elementor-element-6efebb77 elementor-section-boxed elementor-section-height-default elementor-section-height-default\" data-id=\"6efebb77\" data-element_type=\"section\" data-e-type=\"section\">\n\t\t\t\t\t\t<div class=\"elementor-container elementor-column-gap-default\">\n\t\t\t\t\t<div class=\"elementor-column elementor-col-100 elementor-top-column elementor-element elementor-element-567b4970\" data-id=\"567b4970\" data-element_type=\"column\" data-e-type=\"column\">\n\t\t\t<div class=\"elementor-widget-wrap elementor-element-populated\">\n\t\t\t\t\t\t<div class=\"elementor-element elementor-element-a6dc853 elementor-widget elementor-widget-spacer\" data-id=\"a6dc853\" data-element_type=\"widget\" data-e-type=\"widget\" data-widget_type=\"spacer.default\">\n\t\t\t\t<div class=\"elementor-widget-container\">\n\t\t\t\t\t\t\t<div class=\"elementor-spacer\">\n\t\t\t<div class=\"elementor-spacer-inner\"><\/div>\n\t\t<\/div>\n\t\t\t\t\t\t<\/div>\n\t\t\t\t<\/div>\n\t\t\t\t\t<\/div>\n\t\t<\/div>\n\t\t\t\t\t<\/div>\n\t\t<\/section>\n\t\t\t\t<section class=\"elementor-section elementor-top-section elementor-element elementor-element-238cb6c1 elementor-section-boxed elementor-section-height-default elementor-section-height-default\" data-id=\"238cb6c1\" data-element_type=\"section\" data-e-type=\"section\">\n\t\t\t\t\t\t<div class=\"elementor-container elementor-column-gap-default\">\n\t\t\t\t\t<div class=\"elementor-column elementor-col-100 elementor-top-column elementor-element elementor-element-3eb20e62\" data-id=\"3eb20e62\" data-element_type=\"column\" data-e-type=\"column\">\n\t\t\t<div class=\"elementor-widget-wrap elementor-element-populated\">\n\t\t\t\t\t\t<section class=\"elementor-section elementor-inner-section elementor-element elementor-element-69eaec49 elementor-section-boxed elementor-section-height-default elementor-section-height-default\" data-id=\"69eaec49\" data-element_type=\"section\" data-e-type=\"section\">\n\t\t\t\t\t\t<div class=\"elementor-container elementor-column-gap-default\">\n\t\t\t\t\t<div class=\"elementor-column elementor-col-100 elementor-inner-column elementor-element elementor-element-89fc677\" data-id=\"89fc677\" data-element_type=\"column\" data-e-type=\"column\">\n\t\t\t<div class=\"elementor-widget-wrap elementor-element-populated\">\n\t\t\t\t\t\t<div class=\"elementor-element elementor-element-3bd4ceac elementor-widget elementor-widget-heading\" data-id=\"3bd4ceac\" data-element_type=\"widget\" data-e-type=\"widget\" data-widget_type=\"heading.default\">\n\t\t\t\t<div class=\"elementor-widget-container\">\n\t\t\t\t\t<h1 class=\"elementor-heading-title elementor-size-default\">Retningslinjer ved AMA<\/h1>\t\t\t\t<\/div>\n\t\t\t\t<\/div>\n\t\t\t\t\t<\/div>\n\t\t<\/div>\n\t\t\t\t\t<\/div>\n\t\t<\/section>\n\t\t\t\t<div class=\"elementor-element elementor-element-1ede4aa elementor-widget elementor-widget-spacer\" data-id=\"1ede4aa\" data-element_type=\"widget\" data-e-type=\"widget\" data-widget_type=\"spacer.default\">\n\t\t\t\t<div class=\"elementor-widget-container\">\n\t\t\t\t\t\t\t<div class=\"elementor-spacer\">\n\t\t\t<div class=\"elementor-spacer-inner\"><\/div>\n\t\t<\/div>\n\t\t\t\t\t\t<\/div>\n\t\t\t\t<\/div>\n\t\t\t\t<div class=\"elementor-element elementor-element-6eb54a4e elementor-widget elementor-widget-text-editor\" data-id=\"6eb54a4e\" data-element_type=\"widget\" data-e-type=\"widget\" data-widget_type=\"text-editor.default\">\n\t\t\t\t<div class=\"elementor-widget-container\">\n\t\t\t\t\t\t\t\t\t<h3>Hvad er AMA-midler?<\/h3><p><br \/>AMA-midlerne kommer fra arbejdsgivernes ArbejdsMarkedsAfgift,som er \u00f8rem\u00e6rket arbejdsmarkedsuddannelser, efteruddannelse for s\u00e5vel fagl\u00e6rte som ufagl\u00e6rte medarbejdere og endeligt arbejdsledige.<\/p><p>For at deltagerne p\u00e5 et kursus\/uddannelse kan opn\u00e5 tilskud fra AMA-midlerne skal de v\u00e6re fyldt 18 \u00e5r, have bop\u00e6l i Gr\u00f8nland, og m\u00e5 h\u00f8jst have en kortere videreg\u00e5ende erhvervsuddannelse. Deltagerne skal opfylde de fastsatte faglige foruds\u00e6tninger i forhold til det p\u00e5g\u00e6ldende kursus.<\/p>\t\t\t\t\t\t\t\t<\/div>\n\t\t\t\t<\/div>\n\t\t\t\t\t<\/div>\n\t\t<\/div>\n\t\t\t\t\t<\/div>\n\t\t<\/section>\n\t\t<div class=\"elementor-element elementor-element-a9a1264 e-grid e-con-boxed e-con e-parent\" data-id=\"a9a1264\" data-element_type=\"container\" data-e-type=\"container\">\n\t\t\t\t\t<div class=\"e-con-inner\">\n\t\t\t\t<div class=\"elementor-element elementor-element-6faef20 elementor-widget__width-inherit elementor-widget elementor-widget-image\" data-id=\"6faef20\" data-element_type=\"widget\" data-e-type=\"widget\" data-widget_type=\"image.default\">\n\t\t\t\t<div class=\"elementor-widget-container\">\n\t\t\t\t\t\t\t\t\t\t\t\t\t\t\t<img fetchpriority=\"high\" decoding=\"async\" width=\"2560\" height=\"1707\" src=\"https:\/\/lak.gl\/wp-content\/uploads\/2024\/11\/IMG_0053-scaled.jpg\" class=\"attachment-full size-full wp-image-12835\" alt=\"\" srcset=\"https:\/\/lak.gl\/wp-content\/uploads\/2024\/11\/IMG_0053-scaled.jpg 2560w, https:\/\/lak.gl\/wp-content\/uploads\/2024\/11\/IMG_0053-300x200.jpg 300w, https:\/\/lak.gl\/wp-content\/uploads\/2024\/11\/IMG_0053-1024x683.jpg 1024w, https:\/\/lak.gl\/wp-content\/uploads\/2024\/11\/IMG_0053-768x512.jpg 768w, https:\/\/lak.gl\/wp-content\/uploads\/2024\/11\/IMG_0053-1536x1024.jpg 1536w, https:\/\/lak.gl\/wp-content\/uploads\/2024\/11\/IMG_0053-2048x1365.jpg 2048w, https:\/\/lak.gl\/wp-content\/uploads\/2024\/11\/IMG_0053-18x12.jpg 18w\" sizes=\"(max-width: 2560px) 100vw, 2560px\" \/>\t\t\t\t\t\t\t\t\t\t\t\t\t\t\t<\/div>\n\t\t\t\t<\/div>\n\t\t\t\t<div class=\"elementor-element elementor-element-a9b52a6 elementor-widget elementor-widget-text-editor\" data-id=\"a9b52a6\" data-element_type=\"widget\" data-e-type=\"widget\" data-widget_type=\"text-editor.default\">\n\t\t\t\t<div class=\"elementor-widget-container\">\n\t\t\t\t\t\t\t\t\t<p>AMA-midlerne kan kun d\u00e6kke rejse- og opholdsudgifter herunder n\u00f8dvendige opholdsudgifter under rejser til og fra kursusstedet. Der gives ogs\u00e5 tilskud til forplejning under selve kurset.<\/p><p>Virksomheden afholder selv udgifter til deltagerens dagpenge. Dagpenge afregnes efter g\u00e6ldende regler dog begr\u00e6nset af at AMA-midler d\u00e6kker forplejning samt hotelophold under kursus deltagelse.<\/p>\t\t\t\t\t\t\t\t<\/div>\n\t\t\t\t<\/div>\n\t\t\t\t\t<\/div>\n\t\t\t\t<\/div>\n\t\t\t\t<section class=\"elementor-section elementor-top-section elementor-element elementor-element-adc8ae3 elementor-section-boxed elementor-section-height-default elementor-section-height-default\" data-id=\"adc8ae3\" data-element_type=\"section\" data-e-type=\"section\">\n\t\t\t\t\t\t<div class=\"elementor-container elementor-column-gap-default\">\n\t\t\t\t\t<div class=\"elementor-column elementor-col-100 elementor-top-column elementor-element elementor-element-b6bab9b\" data-id=\"b6bab9b\" data-element_type=\"column\" data-e-type=\"column\">\n\t\t\t<div class=\"elementor-widget-wrap elementor-element-populated\">\n\t\t\t\t\t\t<div class=\"elementor-element elementor-element-c422e8b elementor-widget elementor-widget-spacer\" data-id=\"c422e8b\" data-element_type=\"widget\" data-e-type=\"widget\" data-widget_type=\"spacer.default\">\n\t\t\t\t<div class=\"elementor-widget-container\">\n\t\t\t\t\t\t\t<div class=\"elementor-spacer\">\n\t\t\t<div class=\"elementor-spacer-inner\"><\/div>\n\t\t<\/div>\n\t\t\t\t\t\t<\/div>\n\t\t\t\t<\/div>\n\t\t\t\t<div class=\"elementor-element elementor-element-f638b2d elementor-widget elementor-widget-text-editor\" data-id=\"f638b2d\" data-element_type=\"widget\" data-e-type=\"widget\" data-widget_type=\"text-editor.default\">\n\t\t\t\t<div class=\"elementor-widget-container\">\n\t\t\t\t\t\t\t\t\t<h3>Bem\u00e6rk!<br \/><br \/><\/h3><p>AMA-midler d\u00e6kker ikke deltagergebyr. Tilskud til afholdelse af rejseudgifter er betinget af, at rejsen foretages i umiddelbar tilknytning til kursets start- og slutdatoer afh\u00e6ngigt af transportmulighederne.<\/p><p>Hvis ans\u00f8geren er arbejdsledig, er det kommunen som skal udfylde og fremsende ans\u00f8gningen med handlingsplanen til Ledelsesakademiet.<\/p><p>Der er m\u00f8depligt p\u00e5 AMA-midler kurserne. S\u00e5fremt deltageren udebliver fra kurset\/uddannelsen helt eller delvis bortfalder tilskuddet, og de afholdte udgifter faktureres til deltagerens arbejdsgiver.<\/p>\t\t\t\t\t\t\t\t<\/div>\n\t\t\t\t<\/div>\n\t\t\t\t\t<\/div>\n\t\t<\/div>\n\t\t\t\t\t<\/div>\n\t\t<\/section>\n\t\t<div class=\"elementor-element elementor-element-db615a1 e-grid e-con-boxed e-con e-parent\" data-id=\"db615a1\" data-element_type=\"container\" data-e-type=\"container\">\n\t\t\t\t\t<div class=\"e-con-inner\">\n\t\t\t\t<div class=\"elementor-element elementor-element-eb7fcea elementor-widget elementor-widget-text-editor\" data-id=\"eb7fcea\" data-element_type=\"widget\" data-e-type=\"widget\" data-widget_type=\"text-editor.default\">\n\t\t\t\t<div class=\"elementor-widget-container\">\n\t\t\t\t\t\t\t\t\t<h3>G\u00e6ldende betingelser<\/h3><p><br \/>Til alle de personer, som f\u00e5r d\u00e6kket deres rejse- og opholdsudgifter (AMA-midler), skal vi g\u00f8re opm\u00e6rksom p\u00e5, at Ledelsesakademiet har f\u00f8lgende betingelser:<\/p><p><strong>1. Billet<\/strong><br \/>Der vil blive bestilt r\u00f8d billet og hvis r\u00f8d billet er udsolgt, bestiller vi fleksibel billet. Da en r\u00f8d billet ikke kan \u00e6ndres eller refunderes, sender rejsebureauet en anmodning til deltageren om accept inden 24 timer efter billetten er reserveret.<\/p><p><strong>2. Ophold<\/strong><br \/>Ledelsesakademiet bestiller v\u00e6relse p\u00e5 uspecificeret hotel, S\u00f8mandshjem eller lignende, s\u00e5 snart vi har f\u00e5et rejseplanen. Det v\u00e6relse Ledelsesakademiet har bestilt, skal du bo i fra den dag, du kommer og indtil den dag, du rejser.\u00a0\u00a0<\/p>\t\t\t\t\t\t\t\t<\/div>\n\t\t\t\t<\/div>\n\t\t\t\t<div class=\"elementor-element elementor-element-3cfc134 elementor-widget__width-inherit elementor-widget elementor-widget-image\" data-id=\"3cfc134\" data-element_type=\"widget\" data-e-type=\"widget\" data-widget_type=\"image.default\">\n\t\t\t\t<div class=\"elementor-widget-container\">\n\t\t\t\t\t\t\t\t\t\t\t\t\t\t\t<img decoding=\"async\" width=\"2560\" height=\"1707\" src=\"https:\/\/lak.gl\/wp-content\/uploads\/2024\/11\/IMG_0388-scaled.jpg\" class=\"attachment-full size-full wp-image-12840\" alt=\"\" srcset=\"https:\/\/lak.gl\/wp-content\/uploads\/2024\/11\/IMG_0388-scaled.jpg 2560w, https:\/\/lak.gl\/wp-content\/uploads\/2024\/11\/IMG_0388-300x200.jpg 300w, https:\/\/lak.gl\/wp-content\/uploads\/2024\/11\/IMG_0388-1024x683.jpg 1024w, https:\/\/lak.gl\/wp-content\/uploads\/2024\/11\/IMG_0388-768x512.jpg 768w, https:\/\/lak.gl\/wp-content\/uploads\/2024\/11\/IMG_0388-1536x1024.jpg 1536w, https:\/\/lak.gl\/wp-content\/uploads\/2024\/11\/IMG_0388-2048x1365.jpg 2048w, https:\/\/lak.gl\/wp-content\/uploads\/2024\/11\/IMG_0388-18x12.jpg 18w\" sizes=\"(max-width: 2560px) 100vw, 2560px\" \/>\t\t\t\t\t\t\t\t\t\t\t\t\t\t\t<\/div>\n\t\t\t\t<\/div>\n\t\t\t\t\t<\/div>\n\t\t\t\t<\/div>\n\t\t<div class=\"elementor-element elementor-element-f771bbb e-flex e-con-boxed e-con e-parent\" data-id=\"f771bbb\" data-element_type=\"container\" data-e-type=\"container\">\n\t\t\t\t\t<div class=\"e-con-inner\">\n\t\t\t\t<div class=\"elementor-element elementor-element-085cdc4 elementor-widget elementor-widget-text-editor\" data-id=\"085cdc4\" data-element_type=\"widget\" data-e-type=\"widget\" data-widget_type=\"text-editor.default\">\n\t\t\t\t<div class=\"elementor-widget-container\">\n\t\t\t\t\t\t\t\t\t<p>Ledelsesakademiet kan bestille v\u00e6relse inkl. morgenmad, men i andre tilf\u00e6lde kan det ske, at det ikke er inkl. morgenmad. Det kommer nemlig an p\u00e5, hvor der er ledige v\u00e6relser. Hvis morgenmad ikke er inklusiv, skal din arbejdsgiver s\u00f8rge for dine dagpenge med morgenmad.<\/p><p>Hvis du under dit ophold p\u00e5 hotel, S\u00f8mandshjem eller lignende ikke f\u00f8ler dig tilfreds med v\u00e6relset, er det dit eget ansvar at henvende dig til personalet p\u00e5 opholdsstedet. Du er selvf\u00f8lgelig velkommen til at sende en klage til os skriftligt.<\/p><p>Det kan ske, at Ledelsesakademiet m\u00e5 bestille v\u00e6relser p\u00e5 hostels eller lignende s\u00e5fremt hotel eller S\u00f8mandshjem er fuld booket.<\/p>\t\t\t\t\t\t\t\t<\/div>\n\t\t\t\t<\/div>\n\t\t\t\t\t<\/div>\n\t\t\t\t<\/div>\n\t\t\t\t<\/div>\n\t\t","protected":false},"excerpt":{"rendered":"<p>Retningslinjer ved AMA Hvad er AMA-midler? AMA-midlerne kommer fra arbejdsgivernes ArbejdsMarkedsAfgift,som er \u00f8rem\u00e6rket arbejdsmarkedsuddannelser, efteruddannelse for s\u00e5vel fagl\u00e6rte som ufagl\u00e6rte medarbejdere og endeligt arbejdsledige. For at deltagerne p\u00e5 et kursus\/uddannelse kan opn\u00e5 tilskud fra AMA-midlerne skal de v\u00e6re fyldt 18 \u00e5r, have bop\u00e6l i Gr\u00f8nland, og m\u00e5 h\u00f8jst have en kortere videreg\u00e5ende erhvervsuddannelse. Deltagerne skal [&hellip;]<\/p>\n","protected":false},"author":1,"featured_media":0,"parent":0,"menu_order":0,"comment_status":"closed","ping_status":"closed","template":"","meta":{"ocean_post_layout":"","ocean_both_sidebars_style":"","ocean_both_sidebars_content_width":0,"ocean_both_sidebars_sidebars_width":0,"ocean_sidebar":"0","ocean_second_sidebar":"0","ocean_disable_margins":"enable","ocean_add_body_class":"","ocean_shortcode_before_top_bar":"","ocean_shortcode_after_top_bar":"","ocean_shortcode_before_header":"","ocean_shortcode_after_header":"","ocean_has_shortcode":"","ocean_shortcode_after_title":"","ocean_shortcode_before_footer_widgets":"","ocean_shortcode_after_footer_widgets":"","ocean_shortcode_before_footer_bottom":"","ocean_shortcode_after_footer_bottom":"","ocean_display_top_bar":"default","ocean_display_header":"default","ocean_header_style":"","ocean_center_header_left_menu":"0","ocean_custom_header_template":"0","ocean_custom_logo":0,"ocean_custom_retina_logo":0,"ocean_custom_logo_max_width":0,"ocean_custom_logo_tablet_max_width":0,"ocean_custom_logo_mobile_max_width":0,"ocean_custom_logo_max_height":0,"ocean_custom_logo_tablet_max_height":0,"ocean_custom_logo_mobile_max_height":0,"ocean_header_custom_menu":"0","ocean_menu_typo_font_family":"0","ocean_menu_typo_font_subset":"","ocean_menu_typo_font_size":0,"ocean_menu_typo_font_size_tablet":0,"ocean_menu_typo_font_size_mobile":0,"ocean_menu_typo_font_size_unit":"px","ocean_menu_typo_font_weight":"","ocean_menu_typo_font_weight_tablet":"","ocean_menu_typo_font_weight_mobile":"","ocean_menu_typo_transform":"","ocean_menu_typo_transform_tablet":"","ocean_menu_typo_transform_mobile":"","ocean_menu_typo_line_height":0,"ocean_menu_typo_line_height_tablet":0,"ocean_menu_typo_line_height_mobile":0,"ocean_menu_typo_line_height_unit":"","ocean_menu_typo_spacing":0,"ocean_menu_typo_spacing_tablet":0,"ocean_menu_typo_spacing_mobile":0,"ocean_menu_typo_spacing_unit":"","ocean_menu_link_color":"","ocean_menu_link_color_hover":"","ocean_menu_link_color_active":"","ocean_menu_link_background":"","ocean_menu_link_hover_background":"","ocean_menu_link_active_background":"","ocean_menu_social_links_bg":"","ocean_menu_social_hover_links_bg":"","ocean_menu_social_links_color":"","ocean_menu_social_hover_links_color":"","ocean_disable_title":"on","ocean_disable_heading":"default","ocean_post_title":"","ocean_post_subheading":"","ocean_post_title_style":"","ocean_post_title_background_color":"","ocean_post_title_background":0,"ocean_post_title_bg_image_position":"","ocean_post_title_bg_image_attachment":"","ocean_post_title_bg_image_repeat":"","ocean_post_title_bg_image_size":"","ocean_post_title_height":0,"ocean_post_title_bg_overlay":0.5,"ocean_post_title_bg_overlay_color":"","ocean_disable_breadcrumbs":"default","ocean_breadcrumbs_color":"","ocean_breadcrumbs_separator_color":"","ocean_breadcrumbs_links_color":"","ocean_breadcrumbs_links_hover_color":"","ocean_display_footer_widgets":"default","ocean_display_footer_bottom":"default","ocean_custom_footer_template":"0","ofc_meta_disable_footer_callout":"","ofc_meta_callout_button_url":"","ofc_meta_callout_button_txt":"","ofc_meta_callout_text":"","osh_disable_topbar_sticky":"default","osh_disable_header_sticky":"default","osh_sticky_header_style":"default","osh_sticky_header_effect":"","osh_custom_sticky_logo":0,"osh_custom_retina_sticky_logo":0,"osh_custom_sticky_logo_height":0,"osh_background_color":"","osh_links_color":"","osh_links_hover_color":"","osh_links_active_color":"","osh_links_bg_color":"","osh_links_hover_bg_color":"","osh_links_active_bg_color":"","osh_menu_social_links_color":"","osh_menu_social_hover_links_color":"","footnotes":""},"uddannelsestype":[8],"sidetype":[],"class_list":["post-2337","page","type-page","status-publish","hentry","uddannelsestype-alle","entry"],"publishpress_future_action":{"enabled":false,"date":"2026-05-07 03:04:11","action":"change-status","newStatus":"draft","terms":[],"taxonomy":"uddannelsestype","extraData":[]},"publishpress_future_workflow_manual_trigger":{"enabledWorkflows":[]},"_links":{"self":[{"href":"http:\/\/lak.gl\/da\/wp-json\/wp\/v2\/pages\/2337","targetHints":{"allow":["GET"]}}],"collection":[{"href":"http:\/\/lak.gl\/da\/wp-json\/wp\/v2\/pages"}],"about":[{"href":"http:\/\/lak.gl\/da\/wp-json\/wp\/v2\/types\/page"}],"author":[{"embeddable":true,"href":"http:\/\/lak.gl\/da\/wp-json\/wp\/v2\/users\/1"}],"replies":[{"embeddable":true,"href":"http:\/\/lak.gl\/da\/wp-json\/wp\/v2\/comments?post=2337"}],"version-history":[{"count":106,"href":"http:\/\/lak.gl\/da\/wp-json\/wp\/v2\/pages\/2337\/revisions"}],"predecessor-version":[{"id":12858,"href":"http:\/\/lak.gl\/da\/wp-json\/wp\/v2\/pages\/2337\/revisions\/12858"}],"wp:attachment":[{"href":"http:\/\/lak.gl\/da\/wp-json\/wp\/v2\/media?parent=2337"}],"wp:term":[{"taxonomy":"uddannelsestype","embeddable":true,"href":"http:\/\/lak.gl\/da\/wp-json\/wp\/v2\/uddannelsestype?post=2337"},{"taxonomy":"sidetype","embeddable":true,"href":"http:\/\/lak.gl\/da\/wp-json\/wp\/v2\/sidetype?post=2337"}],"curies":[{"name":"wp","href":"https:\/\/api.w.org\/{rel}","templated":true}]}}